{"id":2255,"date":"2024-11-29T15:58:49","date_gmt":"2024-11-29T14:58:49","guid":{"rendered":"https:\/\/firewood-processor.cz\/?page_id=2255"},"modified":"2024-11-29T23:07:51","modified_gmt":"2024-11-29T22:07:51","slug":"nas-pribeh","status":"publish","type":"page","link":"https:\/\/firewood-processor.cz\/sk\/nas-pribeh\/","title":{"rendered":"N\u00e1\u0161 pr\u00edbeh"},"content":{"rendered":"\t\t<div data-elementor-type=\"wp-page\" data-elementor-id=\"2255\" class=\"elementor elementor-2255 elementor-89\" data-elementor-settings=\"[]\">\n\t\t\t\t\t\t\t<div class=\"elementor-section-wrap\">\n\t\t\t\t\t\t\t<section class=\"elementor-section elementor-top-section elementor-element elementor-element-74b5b24b elementor-section-height-min-height elementor-section-boxed elementor-section-height-default elementor-section-items-middle\" data-id=\"74b5b24b\" data-element_type=\"section\" data-settings=\"{&quot;background_background&quot;:&quot;classic&quot;}\">\n\t\t\t\t\t\t<div class=\"elementor-container elementor-column-gap-default\">\n\t\t\t\t\t<div class=\"elementor-column elementor-col-100 elementor-top-column elementor-element elementor-element-1718ac9f\" data-id=\"1718ac9f\" data-element_type=\"column\">\n\t\t\t<div class=\"elementor-widget-wrap elementor-element-populated\">\n\t\t\t\t\t\t\t\t<div class=\"elementor-element elementor-element-510646b4 animated-fast elementor-invisible elementor-widget elementor-widget-image\" data-id=\"510646b4\" data-element_type=\"widget\" data-settings=\"{&quot;_animation&quot;:&quot;zoomIn&quot;}\" data-widget_type=\"image.default\">\n\t\t\t\t<div class=\"elementor-widget-container\">\n\t\t\t\t\t<div class=\"elementor-image\">\n\t\t\t\t\t\t\t\t\t\t<img src=\"https:\/\/firewood-processor.cz\/wp-content\/uploads\/elementor\/thumbs\/cast6-white-p3ak2i8zkisc65xg2ok66mw5w9bwhqr4qphz1oow6g.png\" title=\"cast6-white\" alt=\"cast6-white\" \/>\t\t\t\t\t\t\t\t\t\t\t<\/div>\n\t\t\t\t<\/div>\n\t\t\t\t<\/div>\n\t\t\t\t<div class=\"elementor-element elementor-element-ea519b6 animated-fast elementor-invisible elementor-widget elementor-widget-heading\" data-id=\"ea519b6\" data-element_type=\"widget\" data-settings=\"{&quot;_animation&quot;:&quot;zoomIn&quot;}\" data-widget_type=\"heading.default\">\n\t\t\t\t<div class=\"elementor-widget-container\">\n\t\t\t<h1 class=\"elementor-heading-title elementor-size-default\">N\u00e1\u0161 p\u0159\u00edb\u011bh<\/h1>\t\t<\/div>\n\t\t\t\t<\/div>\n\t\t\t\t\t<\/div>\n\t\t<\/div>\n\t\t\t\t\t\t\t<\/div>\n\t\t<\/section>\n\t\t\t\t<section class=\"elementor-section elementor-top-section elementor-element elementor-element-da04f40 elementor-section-boxed elementor-section-height-default elementor-section-height-default\" data-id=\"da04f40\" data-element_type=\"section\">\n\t\t\t\t\t\t<div class=\"elementor-container elementor-column-gap-default\">\n\t\t\t\t\t<div class=\"elementor-column elementor-col-100 elementor-top-column elementor-element elementor-element-4a2b046\" data-id=\"4a2b046\" data-element_type=\"column\">\n\t\t\t<div class=\"elementor-widget-wrap elementor-element-populated\">\n\t\t\t\t\t\t\t\t<div class=\"elementor-element elementor-element-832d4de elementor-widget elementor-widget-heading\" data-id=\"832d4de\" data-element_type=\"widget\" data-widget_type=\"heading.default\">\n\t\t\t\t<div class=\"elementor-widget-container\">\n\t\t\t<h2 class=\"elementor-heading-title elementor-size-default\">FIREWOOD PROCESSOR CZ<\/h2>\t\t<\/div>\n\t\t\t\t<\/div>\n\t\t\t\t<section class=\"elementor-section elementor-inner-section elementor-element elementor-element-b88b825 elementor-section-boxed elementor-section-height-default elementor-section-height-default\" data-id=\"b88b825\" data-element_type=\"section\">\n\t\t\t\t\t\t<div class=\"elementor-container elementor-column-gap-default\">\n\t\t\t\t\t<div class=\"elementor-column elementor-col-100 elementor-inner-column elementor-element elementor-element-537c703\" data-id=\"537c703\" data-element_type=\"column\">\n\t\t\t<div class=\"elementor-widget-wrap elementor-element-populated\">\n\t\t\t\t\t\t\t\t<div class=\"elementor-element elementor-element-e328cea elementor-widget elementor-widget-text-editor\" data-id=\"e328cea\" data-element_type=\"widget\" data-widget_type=\"text-editor.default\">\n\t\t\t\t<div class=\"elementor-widget-container\">\n\t\t\t\t\t<div class=\"elementor-text-editor elementor-clearfix\"><p>Sme rodinn\u00e1 firma venuj\u00faca sa predaju zariaden\u00ed na spracovanie palivov\u00e9ho dreva.<br \/>Na trhu p\u00f4sob\u00edme od roku 2018, kedy sme doviezli prv\u00e9 stroje od firmy Halverson z Minnesoty do \u010ceskej republiky a potom \u010falej do celej Eur\u00f3py.<br \/>Tieto zariadenia si z\u00edskali na\u0161u d\u00f4veru v\u010faka svojej kvalite, robustne spracovanej kon\u0161trukcii a prec\u00edznej, geni\u00e1lne premyslenej hydraulike v kombin\u00e1cii s celkovo intuit\u00edvnym ovl\u00e1dan\u00edm.<\/p><\/div>\n\t\t\t\t<\/div>\n\t\t\t\t<\/div>\n\t\t\t\t\t<\/div>\n\t\t<\/div>\n\t\t\t\t\t\t\t<\/div>\n\t\t<\/section>\n\t\t\t\t<section class=\"elementor-section elementor-inner-section elementor-element elementor-element-b36fbe6 elementor-section-boxed elementor-section-height-default elementor-section-height-default\" data-id=\"b36fbe6\" data-element_type=\"section\">\n\t\t\t\t\t\t<div class=\"elementor-container elementor-column-gap-default\">\n\t\t\t\t\t<div class=\"elementor-column elementor-col-50 elementor-inner-column elementor-element elementor-element-f00ece0\" data-id=\"f00ece0\" data-element_type=\"column\">\n\t\t\t<div class=\"elementor-widget-wrap elementor-element-populated\">\n\t\t\t\t\t\t\t\t<div class=\"elementor-element elementor-element-172c511 elementor-invisible elementor-widget elementor-widget-image\" data-id=\"172c511\" data-element_type=\"widget\" data-settings=\"{&quot;_animation&quot;:&quot;slideInLeft&quot;,&quot;_animation_mobile&quot;:&quot;none&quot;}\" data-widget_type=\"image.default\">\n\t\t\t\t<div class=\"elementor-widget-container\">\n\t\t\t\t\t<div class=\"elementor-image\">\n\t\t\t\t\t\t\t\t\t\t\t<a href=\"https:\/\/firewood-processor.cz\/wp-content\/uploads\/2021\/02\/showroom-firewood-processor.jpeg\" data-elementor-open-lightbox=\"yes\" data-elementor-lightbox-title=\"Showroom Firewood Processor CZ\">\n\t\t\t\t\t\t\t<img src=\"https:\/\/firewood-processor.cz\/wp-content\/uploads\/elementor\/thumbs\/showroom-firewood-processor-p3fiq35ss12ian5jw9b83xqtbzhwlls0hk8boqdyfc.jpeg\" title=\"Showroom Firewood Processor CZ\" alt=\"Showroom Firewood Processor CZ\" \/>\t\t\t\t\t\t\t\t<\/a>\n\t\t\t\t\t\t\t\t\t\t\t<\/div>\n\t\t\t\t<\/div>\n\t\t\t\t<\/div>\n\t\t\t\t\t<\/div>\n\t\t<\/div>\n\t\t\t\t<div class=\"elementor-column elementor-col-50 elementor-inner-column elementor-element elementor-element-216c07c\" data-id=\"216c07c\" data-element_type=\"column\">\n\t\t\t<div class=\"elementor-widget-wrap elementor-element-populated\">\n\t\t\t\t\t\t\t\t<div class=\"elementor-element elementor-element-71c1f9c elementor-invisible elementor-widget elementor-widget-image\" data-id=\"71c1f9c\" data-element_type=\"widget\" data-settings=\"{&quot;_animation&quot;:&quot;slideInRight&quot;,&quot;_animation_mobile&quot;:&quot;none&quot;}\" data-widget_type=\"image.default\">\n\t\t\t\t<div class=\"elementor-widget-container\">\n\t\t\t\t\t<div class=\"elementor-image\">\n\t\t\t\t\t\t\t\t\t\t\t<a href=\"https:\/\/firewood-processor.cz\/wp-content\/uploads\/2021\/02\/firewood-processor-showroom.jpeg\" data-elementor-open-lightbox=\"yes\" data-elementor-lightbox-title=\"Firewood Processor CZ showroom\">\n\t\t\t\t\t\t\t<img src=\"https:\/\/firewood-processor.cz\/wp-content\/uploads\/elementor\/thumbs\/firewood-processor-showroom-p3fiq27yl717z16x1qwljfzcqlmjdwoa5fku7gfclk.jpeg\" title=\"Firewood Processor CZ showroom\" alt=\"Firewood Processor CZ showroom\" \/>\t\t\t\t\t\t\t\t<\/a>\n\t\t\t\t\t\t\t\t\t\t\t<\/div>\n\t\t\t\t<\/div>\n\t\t\t\t<\/div>\n\t\t\t\t\t<\/div>\n\t\t<\/div>\n\t\t\t\t\t\t\t<\/div>\n\t\t<\/section>\n\t\t\t\t<div class=\"elementor-element elementor-element-46e0210 elementor-aspect-ratio-169 elementor-widget elementor-widget-video\" data-id=\"46e0210\" data-element_type=\"widget\" data-settings=\"{&quot;youtube_url&quot;:&quot;https:\\\/\\\/www.youtube.com\\\/watch?v=MOQyH1GCHdU&quot;,&quot;video_type&quot;:&quot;youtube&quot;,&quot;controls&quot;:&quot;yes&quot;,&quot;aspect_ratio&quot;:&quot;169&quot;}\" data-widget_type=\"video.default\">\n\t\t\t\t<div class=\"elementor-widget-container\">\n\t\t\t\t\t<div class=\"elementor-wrapper elementor-fit-aspect-ratio elementor-open-inline\">\n\t\t\t<div class=\"elementor-video\"><\/div>\t\t<\/div>\n\t\t\t\t<\/div>\n\t\t\t\t<\/div>\n\t\t\t\t\t<\/div>\n\t\t<\/div>\n\t\t\t\t\t\t\t<\/div>\n\t\t<\/section>\n\t\t\t\t<section class=\"elementor-section elementor-top-section elementor-element elementor-element-3993fdbb elementor-section-boxed elementor-section-height-default elementor-section-height-default\" data-id=\"3993fdbb\" data-element_type=\"section\" data-settings=\"{&quot;background_background&quot;:&quot;classic&quot;}\">\n\t\t\t\t\t\t<div class=\"elementor-container elementor-column-gap-default\">\n\t\t\t\t\t<div class=\"elementor-column elementor-col-50 elementor-top-column elementor-element elementor-element-3e2d1fda\" data-id=\"3e2d1fda\" data-element_type=\"column\">\n\t\t\t<div class=\"elementor-widget-wrap elementor-element-populated\">\n\t\t\t\t\t\t\t\t<div class=\"elementor-element elementor-element-2a9023af elementor-widget elementor-widget-heading\" data-id=\"2a9023af\" data-element_type=\"widget\" data-widget_type=\"heading.default\">\n\t\t\t\t<div class=\"elementor-widget-container\">\n\t\t\t<h2 class=\"elementor-heading-title elementor-size-default\">M\u00e1te nejak\u00fa ot\u00e1zku?<\/h2>\t\t<\/div>\n\t\t\t\t<\/div>\n\t\t\t\t\t<\/div>\n\t\t<\/div>\n\t\t\t\t<div class=\"elementor-column elementor-col-50 elementor-top-column elementor-element elementor-element-1cd53d3c\" data-id=\"1cd53d3c\" data-element_type=\"column\">\n\t\t\t<div class=\"elementor-widget-wrap elementor-element-populated\">\n\t\t\t\t\t\t\t\t<div class=\"elementor-element elementor-element-5ea4a6d5 elementor-align-right elementor-mobile-align-center elementor-widget elementor-widget-button\" data-id=\"5ea4a6d5\" data-element_type=\"widget\" data-widget_type=\"button.default\">\n\t\t\t\t<div class=\"elementor-widget-container\">\n\t\t\t\t\t<div class=\"elementor-button-wrapper\">\n\t\t\t<a href=\"https:\/\/firewood-processor.cz\/sk\/kontakt\/\" class=\"elementor-button-link elementor-button elementor-size-lg\" role=\"button\">\n\t\t\t\t\t\t<span class=\"elementor-button-content-wrapper\">\n\t\t\t\t\t\t<span class=\"elementor-button-text\">Kontaktujte n\u00e1s<\/span>\n\t\t<\/span>\n\t\t\t\t\t<\/a>\n\t\t<\/div>\n\t\t\t\t<\/div>\n\t\t\t\t<\/div>\n\t\t\t\t\t<\/div>\n\t\t<\/div>\n\t\t\t\t\t\t\t<\/div>\n\t\t<\/section>\n\t\t\t\t\t\t<\/div>\n\t\t\t\t\t<\/div>\n\t\t","protected":false},"excerpt":{"rendered":"<p>N\u00e1\u0161 p\u0159\u00edb\u011bh FIREWOOD PROCESSOR CZ Sme rodinn\u00e1 firma venuj\u00faca sa predaju zariaden\u00ed na spracovanie palivov\u00e9ho dreva.Na trhu p\u00f4sob\u00edme od roku 2018, kedy sme doviezli prv\u00e9 stroje od firmy Halverson z Minnesoty do \u010ceskej republiky a potom \u010falej do celej Eur\u00f3py.Tieto zariadenia si z\u00edskali na\u0161u d\u00f4veru v\u010faka svojej kvalite, robustne spracovanej kon\u0161trukcii a prec\u00edznej, geni\u00e1lne premyslenej [&hellip;]<\/p>\n","protected":false},"author":1,"featured_media":0,"parent":0,"menu_order":0,"comment_status":"closed","ping_status":"closed","template":"elementor_header_footer","meta":[],"yoast_head":"<!-- This site is optimized with the Yoast SEO plugin v15.7 - https:\/\/yoast.com\/wordpress\/plugins\/seo\/ -->\n<title>N\u00e1\u0161 pr\u00edbeh | Firewood Processor CZ<\/title>\n<meta name=\"robots\" content=\"index, follow, max-snippet:-1, max-image-preview:large, max-video-preview:-1\" \/>\n<link rel=\"canonical\" href=\"https:\/\/firewood-processor.cz\/sk\/nas-pribeh\/\" \/>\n<meta property=\"og:locale\" content=\"sk_SK\" \/>\n<meta property=\"og:type\" content=\"article\" \/>\n<meta property=\"og:title\" content=\"N\u00e1\u0161 pr\u00edbeh | Firewood Processor CZ\" \/>\n<meta property=\"og:description\" content=\"N\u00e1\u0161 p\u0159\u00edb\u011bh FIREWOOD PROCESSOR CZ Sme rodinn\u00e1 firma venuj\u00faca sa predaju zariaden\u00ed na spracovanie palivov\u00e9ho dreva.Na trhu p\u00f4sob\u00edme od roku 2018, kedy sme doviezli prv\u00e9 stroje od firmy Halverson z Minnesoty do \u010ceskej republiky a potom \u010falej do celej Eur\u00f3py.Tieto zariadenia si z\u00edskali na\u0161u d\u00f4veru v\u010faka svojej kvalite, robustne spracovanej kon\u0161trukcii a prec\u00edznej, geni\u00e1lne premyslenej [&hellip;]\" \/>\n<meta property=\"og:url\" content=\"https:\/\/firewood-processor.cz\/sk\/nas-pribeh\/\" \/>\n<meta property=\"og:site_name\" content=\"Firewood Processor CZ\" \/>\n<meta property=\"article:publisher\" content=\"https:\/\/www.facebook.com\/firewoodprocessorCZ\" \/>\n<meta property=\"article:modified_time\" content=\"2024-11-29T22:07:51+00:00\" \/>\n<meta property=\"og:image\" content=\"https:\/\/firewood-processor.cz\/wp-content\/uploads\/2021\/03\/Firewood-Processor_Sub_01_1-scaled.jpg\" \/>\n<meta name=\"twitter:card\" content=\"summary_large_image\" \/>\n<meta name=\"twitter:label1\" content=\"Predpokladan\u00fd \u010das \u010d\u00edtania\">\n\t<meta name=\"twitter:data1\" content=\"1 min\u00fata\">\n<script type=\"application\/ld+json\" class=\"yoast-schema-graph\">{\"@context\":\"https:\/\/schema.org\",\"@graph\":[{\"@type\":\"Organization\",\"@id\":\"https:\/\/firewood-processor.cz\/#organization\",\"name\":\"FIREWOOD PROCESSOR CZ\",\"url\":\"https:\/\/firewood-processor.cz\/\",\"sameAs\":[\"https:\/\/www.facebook.com\/firewoodprocessorCZ\",\"https:\/\/www.instagram.com\/firewoodprocessorcz\/\",\"https:\/\/www.youtube.com\/channel\/UCevzwEk1HtBMPK_sepS8Yrw\"],\"logo\":{\"@type\":\"ImageObject\",\"@id\":\"https:\/\/firewood-processor.cz\/#logo\",\"inLanguage\":\"sk-SK\",\"url\":\"https:\/\/firewood-processor.cz\/wp-content\/uploads\/2021\/02\/FWP_CZ_zaklad.png\",\"width\":3000,\"height\":718,\"caption\":\"FIREWOOD PROCESSOR CZ\"},\"image\":{\"@id\":\"https:\/\/firewood-processor.cz\/#logo\"}},{\"@type\":\"WebSite\",\"@id\":\"https:\/\/firewood-processor.cz\/#website\",\"url\":\"https:\/\/firewood-processor.cz\/\",\"name\":\"Firewood Processor CZ\",\"description\":\"\",\"publisher\":{\"@id\":\"https:\/\/firewood-processor.cz\/#organization\"},\"potentialAction\":[{\"@type\":\"SearchAction\",\"target\":\"https:\/\/firewood-processor.cz\/?s={search_term_string}\",\"query-input\":\"required name=search_term_string\"}],\"inLanguage\":\"sk-SK\"},{\"@type\":\"ImageObject\",\"@id\":\"https:\/\/firewood-processor.cz\/sk\/nas-pribeh\/#primaryimage\",\"inLanguage\":\"sk-SK\",\"url\":\"https:\/\/firewood-processor.cz\/wp-content\/uploads\/elementor\/thumbs\/cast6-white-p3ak2i8zkisc65xg2ok66mw5w9bwhqr4qphz1oow6g.png\"},{\"@type\":\"WebPage\",\"@id\":\"https:\/\/firewood-processor.cz\/sk\/nas-pribeh\/#webpage\",\"url\":\"https:\/\/firewood-processor.cz\/sk\/nas-pribeh\/\",\"name\":\"N\\u00e1\\u0161 pr\\u00edbeh | Firewood Processor CZ\",\"isPartOf\":{\"@id\":\"https:\/\/firewood-processor.cz\/#website\"},\"primaryImageOfPage\":{\"@id\":\"https:\/\/firewood-processor.cz\/sk\/nas-pribeh\/#primaryimage\"},\"datePublished\":\"2024-11-29T14:58:49+00:00\",\"dateModified\":\"2024-11-29T22:07:51+00:00\",\"inLanguage\":\"sk-SK\",\"potentialAction\":[{\"@type\":\"ReadAction\",\"target\":[\"https:\/\/firewood-processor.cz\/sk\/nas-pribeh\/\"]}]}]}<\/script>\n<!-- \/ Yoast SEO plugin. -->","_links":{"self":[{"href":"https:\/\/firewood-processor.cz\/sk\/wp-json\/wp\/v2\/pages\/2255"}],"collection":[{"href":"https:\/\/firewood-processor.cz\/sk\/wp-json\/wp\/v2\/pages"}],"about":[{"href":"https:\/\/firewood-processor.cz\/sk\/wp-json\/wp\/v2\/types\/page"}],"author":[{"embeddable":true,"href":"https:\/\/firewood-processor.cz\/sk\/wp-json\/wp\/v2\/users\/1"}],"replies":[{"embeddable":true,"href":"https:\/\/firewood-processor.cz\/sk\/wp-json\/wp\/v2\/comments?post=2255"}],"version-history":[{"count":6,"href":"https:\/\/firewood-processor.cz\/sk\/wp-json\/wp\/v2\/pages\/2255\/revisions"}],"predecessor-version":[{"id":2458,"href":"https:\/\/firewood-processor.cz\/sk\/wp-json\/wp\/v2\/pages\/2255\/revisions\/2458"}],"wp:attachment":[{"href":"https:\/\/firewood-processor.cz\/sk\/wp-json\/wp\/v2\/media?parent=2255"}],"curies":[{"name":"wp","href":"https:\/\/api.w.org\/{rel}","templated":true}]}}