{"id":2296,"date":"2024-11-29T16:40:33","date_gmt":"2024-11-29T15:40:33","guid":{"rendered":"https:\/\/firewood-processor.cz\/?page_id=2296"},"modified":"2024-11-29T16:44:46","modified_gmt":"2024-11-29T15:44:46","slug":"kontakt","status":"publish","type":"page","link":"https:\/\/firewood-processor.cz\/sk\/kontakt\/","title":{"rendered":"Kontakt"},"content":{"rendered":"\t\t<div data-elementor-type=\"wp-page\" data-elementor-id=\"2296\" class=\"elementor elementor-2296 elementor-87\" data-elementor-settings=\"[]\">\n\t\t\t\t\t\t\t<div class=\"elementor-section-wrap\">\n\t\t\t\t\t\t\t<section class=\"elementor-section elementor-top-section elementor-element elementor-element-3ef1e58 elementor-section-height-min-height elementor-section-boxed elementor-section-height-default elementor-section-items-middle\" data-id=\"3ef1e58\" data-element_type=\"section\" data-settings=\"{&quot;background_background&quot;:&quot;classic&quot;}\">\n\t\t\t\t\t\t<div class=\"elementor-container elementor-column-gap-default\">\n\t\t\t\t\t<div class=\"elementor-column elementor-col-100 elementor-top-column elementor-element elementor-element-f19e473\" data-id=\"f19e473\" data-element_type=\"column\">\n\t\t\t<div class=\"elementor-widget-wrap elementor-element-populated\">\n\t\t\t\t\t\t\t\t<div class=\"elementor-element elementor-element-0138803 animated-fast elementor-invisible elementor-widget elementor-widget-image\" data-id=\"0138803\" data-element_type=\"widget\" data-settings=\"{&quot;_animation&quot;:&quot;zoomIn&quot;}\" data-widget_type=\"image.default\">\n\t\t\t\t<div class=\"elementor-widget-container\">\n\t\t\t\t\t<div class=\"elementor-image\">\n\t\t\t\t\t\t\t\t\t\t<img src=\"https:\/\/firewood-processor.cz\/wp-content\/uploads\/elementor\/thumbs\/cast0-white-p3akg312addfve7gsju677jusmerocnjxwqglkk6aw.png\" title=\"cast0-white\" alt=\"cast0-white\" \/>\t\t\t\t\t\t\t\t\t\t\t<\/div>\n\t\t\t\t<\/div>\n\t\t\t\t<\/div>\n\t\t\t\t<div class=\"elementor-element elementor-element-23c0d9a animated-fast elementor-invisible elementor-widget elementor-widget-heading\" data-id=\"23c0d9a\" data-element_type=\"widget\" data-settings=\"{&quot;_animation&quot;:&quot;zoomIn&quot;}\" data-widget_type=\"heading.default\">\n\t\t\t\t<div class=\"elementor-widget-container\">\n\t\t\t<h1 class=\"elementor-heading-title elementor-size-default\">Kontakt<\/h1>\t\t<\/div>\n\t\t\t\t<\/div>\n\t\t\t\t\t<\/div>\n\t\t<\/div>\n\t\t\t\t\t\t\t<\/div>\n\t\t<\/section>\n\t\t\t\t<section class=\"elementor-section elementor-top-section elementor-element elementor-element-acf9ce3 elementor-section-boxed elementor-section-height-default elementor-section-height-default\" data-id=\"acf9ce3\" data-element_type=\"section\" data-settings=\"{&quot;background_background&quot;:&quot;classic&quot;}\">\n\t\t\t\t\t\t<div class=\"elementor-container elementor-column-gap-default\">\n\t\t\t\t\t<div class=\"elementor-column elementor-col-100 elementor-top-column elementor-element elementor-element-585cd8e\" data-id=\"585cd8e\" data-element_type=\"column\">\n\t\t\t<div class=\"elementor-widget-wrap elementor-element-populated\">\n\t\t\t\t\t\t\t\t<div class=\"elementor-element elementor-element-65dfc8b elementor-widget elementor-widget-spacer\" data-id=\"65dfc8b\" data-element_type=\"widget\" data-widget_type=\"spacer.default\">\n\t\t\t\t<div class=\"elementor-widget-container\">\n\t\t\t\t\t<div class=\"elementor-spacer\">\n\t\t\t<div class=\"elementor-spacer-inner\"><\/div>\n\t\t<\/div>\n\t\t\t\t<\/div>\n\t\t\t\t<\/div>\n\t\t\t\t<div class=\"elementor-element elementor-element-17bfb85 elementor-widget elementor-widget-heading\" data-id=\"17bfb85\" data-element_type=\"widget\" data-widget_type=\"heading.default\">\n\t\t\t\t<div class=\"elementor-widget-container\">\n\t\t\t<h2 class=\"elementor-heading-title elementor-size-default\">Kontaktn\u00e9 inform\u00e1cie<\/h2>\t\t<\/div>\n\t\t\t\t<\/div>\n\t\t\t\t<div class=\"elementor-element elementor-element-63bb8f2 elementor-widget elementor-widget-text-editor\" data-id=\"63bb8f2\" data-element_type=\"widget\" data-widget_type=\"text-editor.default\">\n\t\t\t\t<div class=\"elementor-widget-container\">\n\t\t\t\t\t<div class=\"elementor-text-editor elementor-clearfix\"><p>Zaujalo v\u00e1s niektor\u00e9 zo zariaden\u00ed? M\u00e1te nejak\u00e9 ot\u00e1zky?<br \/>Nev\u00e1hajte a kontaktujte n\u00e1s!<\/p><\/div>\n\t\t\t\t<\/div>\n\t\t\t\t<\/div>\n\t\t\t\t\t<\/div>\n\t\t<\/div>\n\t\t\t\t\t\t\t<\/div>\n\t\t<\/section>\n\t\t\t\t<section class=\"elementor-section elementor-top-section elementor-element elementor-element-4c0eb40 elementor-section-boxed elementor-section-height-default elementor-section-height-default\" data-id=\"4c0eb40\" data-element_type=\"section\" data-settings=\"{&quot;background_background&quot;:&quot;classic&quot;}\">\n\t\t\t\t\t\t<div class=\"elementor-container elementor-column-gap-default\">\n\t\t\t\t\t<div class=\"elementor-column elementor-col-50 elementor-top-column elementor-element elementor-element-87e313d\" data-id=\"87e313d\" data-element_type=\"column\">\n\t\t\t<div class=\"elementor-widget-wrap elementor-element-populated\">\n\t\t\t\t\t\t\t\t<div class=\"elementor-element elementor-element-35b167a elementor-widget elementor-widget-text-editor\" data-id=\"35b167a\" data-element_type=\"widget\" data-widget_type=\"text-editor.default\">\n\t\t\t\t<div class=\"elementor-widget-container\">\n\t\t\t\t\t<div class=\"elementor-text-editor elementor-clearfix\"><p><span style=\"color: #504037;\"><strong>ADRESA PREVADZKY:<\/strong><\/span><\/p><p><a href=\"https:\/\/maps.app.goo.gl\/bTgCLXzUzuseAKc49\" target=\"_blank\" rel=\"noopener\"><span style=\"color: #888888;\">Ob\u0159ice 32, 411 15 Podsedice<\/span><\/a><\/p><p><span style=\"color: #504037;\"><strong>TELEFONN\u00cd \u010c\u00cdSLO:<\/strong><\/span><\/p><p><span style=\"color: #888888;\"><a class=\"phone\" style=\"color: #888888;\" href=\"tel:+420606155117\">+420 606 155 117<\/a><\/span><\/p><p><span style=\"color: #504037;\"><strong>E-MAIL:<\/strong><\/span><\/p><p><span style=\"color: #888888;\"><a style=\"color: #888888;\" href=\"mailto:info@firewood-processor.cz\">info@firewood-processor.cz<\/a><\/span><\/p><p><span style=\"color: #504037;\"><strong>FAKTURA\u010cN\u00cd \u00daDAJE:\u00a0<\/strong><\/span><\/p><p><span style=\"color: #888888;\">Jan Bukovsk\u00fd<br \/>\u0160kroupova 1862\/6<\/span><br \/><span style=\"color: #888888;\">412 01 Litom\u011b\u0159ice<\/span><br \/><span style=\"color: #888888;\">I\u010cO: 63772027<\/span><br \/><span style=\"color: #888888;\">DI\u010c: CZ7407272664<\/span><\/p><p><span style=\"color: #504037;\"><strong>KONTAKT PRO ZAHRANI\u010cN\u00cd OBCHOD:\u00a0<\/strong><\/span><\/p><p><span style=\"color: #888888;\">p. Karmi<br \/><a class=\"phone\" style=\"color: #888888;\" href=\"tel:+420602185233\">+420 <\/a><a class=\"phone\" style=\"color: #888888;\" href=\"tel:+420602185233\">602 185 233<\/a><br \/>Jazyky: Anglick\u00fd, Nemeck\u00fd, Chorv\u00e1tsky<\/span><\/p><\/div>\n\t\t\t\t<\/div>\n\t\t\t\t<\/div>\n\t\t\t\t<div class=\"elementor-element elementor-element-f7464b1 elementor-shape-circle e-grid-align-left e-grid-align-center elementor-grid-0 elementor-widget elementor-widget-social-icons\" data-id=\"f7464b1\" data-element_type=\"widget\" data-widget_type=\"social-icons.default\">\n\t\t\t\t<div class=\"elementor-widget-container\">\n\t\t\t\t\t<div class=\"elementor-social-icons-wrapper elementor-grid\">\n\t\t\t\t\t\t\t<div class=\"elementor-grid-item\">\n\t\t\t\t\t<a class=\"elementor-icon elementor-social-icon elementor-social-icon-facebook-f elementor-repeater-item-4bb67d5\" href=\"https:\/\/www.facebook.com\/firewoodprocessorCZ\" target=\"_blank\">\n\t\t\t\t\t\t<span class=\"elementor-screen-only\">Facebook-f<\/span>\n\t\t\t\t\t\t<i class=\"fab fa-facebook-f\"><\/i>\t\t\t\t\t<\/a>\n\t\t\t\t<\/div>\n\t\t\t\t\t\t\t<div class=\"elementor-grid-item\">\n\t\t\t\t\t<a class=\"elementor-icon elementor-social-icon elementor-social-icon-youtube elementor-repeater-item-01928de\" href=\"https:\/\/www.youtube.com\/channel\/UCevzwEk1HtBMPK_sepS8Yrw\" target=\"_blank\">\n\t\t\t\t\t\t<span class=\"elementor-screen-only\">Youtube<\/span>\n\t\t\t\t\t\t<i class=\"fab fa-youtube\"><\/i>\t\t\t\t\t<\/a>\n\t\t\t\t<\/div>\n\t\t\t\t\t\t\t<div class=\"elementor-grid-item\">\n\t\t\t\t\t<a class=\"elementor-icon elementor-social-icon elementor-social-icon-instagram elementor-repeater-item-368d2ca\" href=\"https:\/\/www.instagram.com\/firewoodprocessorcz\/\" target=\"_blank\">\n\t\t\t\t\t\t<span class=\"elementor-screen-only\">Instagram<\/span>\n\t\t\t\t\t\t<i class=\"fab fa-instagram\"><\/i>\t\t\t\t\t<\/a>\n\t\t\t\t<\/div>\n\t\t\t\t\t<\/div>\n\t\t\t\t<\/div>\n\t\t\t\t<\/div>\n\t\t\t\t\t<\/div>\n\t\t<\/div>\n\t\t\t\t<div class=\"elementor-column elementor-col-50 elementor-top-column elementor-element elementor-element-6071a55\" data-id=\"6071a55\" data-element_type=\"column\">\n\t\t\t<div class=\"elementor-widget-wrap elementor-element-populated\">\n\t\t\t\t\t\t\t\t<div class=\"elementor-element elementor-element-60b5489 kontakt-form elementor-widget elementor-widget-shortcode\" data-id=\"60b5489\" data-element_type=\"widget\" data-widget_type=\"shortcode.default\">\n\t\t\t\t<div class=\"elementor-widget-container\">\n\t\t\t\t\t<div class=\"elementor-shortcode\"><div role=\"form\" class=\"wpcf7\" id=\"wpcf7-f2303-o1\" lang=\"cs-CZ\" dir=\"ltr\">\n<div class=\"screen-reader-response\"><p role=\"status\" aria-live=\"polite\" aria-atomic=\"true\"><\/p> <ul><\/ul><\/div>\n<form action=\"\/sk\/wp-json\/wp\/v2\/pages\/2296#wpcf7-f2303-o1\" method=\"post\" class=\"wpcf7-form init\" novalidate=\"novalidate\" data-status=\"init\">\n<div style=\"display: none;\">\n<input type=\"hidden\" name=\"_wpcf7\" value=\"2303\" \/>\n<input type=\"hidden\" name=\"_wpcf7_version\" value=\"5.4\" \/>\n<input type=\"hidden\" name=\"_wpcf7_locale\" value=\"cs_CZ\" \/>\n<input type=\"hidden\" name=\"_wpcf7_unit_tag\" value=\"wpcf7-f2303-o1\" \/>\n<input type=\"hidden\" name=\"_wpcf7_container_post\" value=\"0\" \/>\n<input type=\"hidden\" name=\"_wpcf7_posted_data_hash\" value=\"\" \/>\n<input type=\"hidden\" name=\"_wpcf7_recaptcha_response\" value=\"\" \/>\n<\/div>\n<p><label class=form-produkt> Va\u0161e meno<br \/>\n    <span class=\"wpcf7-form-control-wrap your-name\"><input type=\"text\" name=\"your-name\" value=\"\" size=\"40\" class=\"wpcf7-form-control wpcf7-text wpcf7-validates-as-required\" aria-required=\"true\" aria-invalid=\"false\" \/><\/span> <\/label><\/p>\n<p><label class=form-produkt> V\u00e1\u0161 e-mail<br \/>\n    <span class=\"wpcf7-form-control-wrap your-email\"><input type=\"email\" name=\"your-email\" value=\"\" size=\"40\" class=\"wpcf7-form-control wpcf7-text wpcf7-email wpcf7-validates-as-required wpcf7-validates-as-email\" aria-required=\"true\" aria-invalid=\"false\" \/><\/span> <\/label><!-- Row 1 --><\/p>\n<p><label class=form-produkt> Telefon<br \/>\n    <span class=\"wpcf7-form-control-wrap tel-6\"><input type=\"tel\" name=\"tel-6\" value=\"\" size=\"40\" class=\"wpcf7-form-control wpcf7-text wpcf7-tel wpcf7-validates-as-required wpcf7-validates-as-tel\" aria-required=\"true\" aria-invalid=\"false\" \/><\/span> <\/label><\/p>\n<p><label class=form-produkt> Predmet<br \/>\n    <span class=\"wpcf7-form-control-wrap your-subject\"><input type=\"text\" name=\"your-subject\" value=\"\" size=\"40\" class=\"wpcf7-form-control wpcf7-text wpcf7-validates-as-required\" aria-required=\"true\" aria-invalid=\"false\" \/><\/span> <\/label><\/p>\n<p><label class=form-produkt> Va\u0161a spr\u00e1va<br \/>\n    <span class=\"wpcf7-form-control-wrap your-message\"><textarea name=\"your-message\" cols=\"40\" rows=\"10\" class=\"wpcf7-form-control wpcf7-textarea wpcf7-validates-as-required\" aria-required=\"true\" aria-invalid=\"false\"><\/textarea><\/span> <\/label><!-- Row 2 --><\/p>\n<p><span class=\"wpcf7-form-control-wrap gdpr\"><span class=\"wpcf7-form-control wpcf7-acceptance\"><span class=\"wpcf7-list-item\"><label><input type=\"checkbox\" name=\"gdpr\" value=\"1\" aria-invalid=\"false\" \/><span class=\"wpcf7-list-item-label\">Odoslan\u00edm tohto formul\u00e1ra s\u00fahlas\u00edm so spracovan\u00edm osobn\u00fdch \u00fadajov v s\u00falade s pravidlami  <a target=\"blank\" href=\"https:\/\/firewood-processor.cz\/wp-content\/uploads\/2021\/08\/firewood_processor_cz_zasady_ochrany_osobnich_udaju.pdf\">ochrany osobn\u00fdch \u00fadajov<\/a>.<\/span><\/label><\/span><\/span><\/span><\/p>\n<p><label class=send-tlacitko><br \/>\n    <input type=\"submit\" value=\"Odeslat\" class=\"wpcf7-form-control wpcf7-submit\" \/><\/label><\/p>\n<div class=\"wpcf7-response-output\" aria-hidden=\"true\"><\/div><\/form><\/div><\/div>\n\t\t\t\t<\/div>\n\t\t\t\t<\/div>\n\t\t\t\t\t<\/div>\n\t\t<\/div>\n\t\t\t\t\t\t\t<\/div>\n\t\t<\/section>\n\t\t\t\t<section class=\"elementor-section elementor-top-section elementor-element elementor-element-b4ce1c7 elementor-section-full_width elementor-section-height-default elementor-section-height-default\" data-id=\"b4ce1c7\" data-element_type=\"section\">\n\t\t\t\t\t\t<div class=\"elementor-container elementor-column-gap-default\">\n\t\t\t\t\t<div class=\"elementor-column elementor-col-100 elementor-top-column elementor-element elementor-element-ec8692e\" data-id=\"ec8692e\" data-element_type=\"column\">\n\t\t\t<div class=\"elementor-widget-wrap elementor-element-populated\">\n\t\t\t\t\t\t\t\t<div class=\"elementor-element elementor-element-3607c8d elementor-widget elementor-widget-google_maps\" data-id=\"3607c8d\" data-element_type=\"widget\" data-widget_type=\"google_maps.default\">\n\t\t\t\t<div class=\"elementor-widget-container\">\n\t\t\t<div class=\"elementor-custom-embed\"><iframe frameborder=\"0\" scrolling=\"no\" marginheight=\"0\" marginwidth=\"0\" src=\"https:\/\/maps.google.com\/maps?q=Auto%20Reinhart%20Bazar&amp;t=m&amp;z=14&amp;output=embed&amp;iwloc=near\" title=\"Auto Reinhart Bazar\" aria-label=\"Auto Reinhart Bazar\"><\/iframe><\/div>\t\t<\/div>\n\t\t\t\t<\/div>\n\t\t\t\t\t<\/div>\n\t\t<\/div>\n\t\t\t\t\t\t\t<\/div>\n\t\t<\/section>\n\t\t\t\t\t\t<\/div>\n\t\t\t\t\t<\/div>\n\t\t","protected":false},"excerpt":{"rendered":"<p>Kontakt Kontaktn\u00e9 inform\u00e1cie Zaujalo v\u00e1s niektor\u00e9 zo zariaden\u00ed? M\u00e1te nejak\u00e9 ot\u00e1zky?Nev\u00e1hajte a kontaktujte n\u00e1s! ADRESA PREVADZKY: Ob\u0159ice 32, 411 15 Podsedice TELEFONN\u00cd \u010c\u00cdSLO: +420 606 155 117 E-MAIL: info@firewood-processor.cz FAKTURA\u010cN\u00cd \u00daDAJE:\u00a0 Jan Bukovsk\u00fd\u0160kroupova 1862\/6412 01 Litom\u011b\u0159iceI\u010cO: 63772027DI\u010c: CZ7407272664 KONTAKT PRO ZAHRANI\u010cN\u00cd OBCHOD:\u00a0 p. Karmi+420 602 185 233Jazyky: Anglick\u00fd, Nemeck\u00fd, Chorv\u00e1tsky Facebook-f Youtube Instagram<\/p>\n","protected":false},"author":1,"featured_media":0,"parent":0,"menu_order":0,"comment_status":"closed","ping_status":"closed","template":"elementor_header_footer","meta":[],"yoast_head":"<!-- This site is optimized with the Yoast SEO plugin v15.7 - https:\/\/yoast.com\/wordpress\/plugins\/seo\/ -->\n<title>Kontakt | Firewood Processor CZ<\/title>\n<meta name=\"robots\" content=\"index, follow, max-snippet:-1, max-image-preview:large, max-video-preview:-1\" \/>\n<link rel=\"canonical\" href=\"https:\/\/firewood-processor.cz\/sk\/kontakt\/\" \/>\n<meta property=\"og:locale\" content=\"sk_SK\" \/>\n<meta property=\"og:type\" content=\"article\" \/>\n<meta property=\"og:title\" content=\"Kontakt | Firewood Processor CZ\" \/>\n<meta property=\"og:description\" content=\"Kontakt Kontaktn\u00e9 inform\u00e1cie Zaujalo v\u00e1s niektor\u00e9 zo zariaden\u00ed? M\u00e1te nejak\u00e9 ot\u00e1zky?Nev\u00e1hajte a kontaktujte n\u00e1s! ADRESA PREVADZKY: Ob\u0159ice 32, 411 15 Podsedice TELEFONN\u00cd \u010c\u00cdSLO: +420 606 155 117 E-MAIL: info@firewood-processor.cz FAKTURA\u010cN\u00cd \u00daDAJE:\u00a0 Jan Bukovsk\u00fd\u0160kroupova 1862\/6412 01 Litom\u011b\u0159iceI\u010cO: 63772027DI\u010c: CZ7407272664 KONTAKT PRO ZAHRANI\u010cN\u00cd OBCHOD:\u00a0 p. Karmi+420 602 185 233Jazyky: Anglick\u00fd, Nemeck\u00fd, Chorv\u00e1tsky Facebook-f Youtube Instagram\" \/>\n<meta property=\"og:url\" content=\"https:\/\/firewood-processor.cz\/sk\/kontakt\/\" \/>\n<meta property=\"og:site_name\" content=\"Firewood Processor CZ\" \/>\n<meta property=\"article:publisher\" content=\"https:\/\/www.facebook.com\/firewoodprocessorCZ\" \/>\n<meta property=\"article:modified_time\" content=\"2024-11-29T15:44:46+00:00\" \/>\n<meta property=\"og:image\" content=\"https:\/\/firewood-processor.cz\/wp-content\/uploads\/2021\/03\/Firewood-Processor_Sub_01_1-scaled.jpg\" \/>\n<meta name=\"twitter:card\" content=\"summary_large_image\" \/>\n<meta name=\"twitter:label1\" content=\"Predpokladan\u00fd \u010das \u010d\u00edtania\">\n\t<meta name=\"twitter:data1\" content=\"1 min\u00fata\">\n<script type=\"application\/ld+json\" class=\"yoast-schema-graph\">{\"@context\":\"https:\/\/schema.org\",\"@graph\":[{\"@type\":\"Organization\",\"@id\":\"https:\/\/firewood-processor.cz\/#organization\",\"name\":\"FIREWOOD PROCESSOR CZ\",\"url\":\"https:\/\/firewood-processor.cz\/\",\"sameAs\":[\"https:\/\/www.facebook.com\/firewoodprocessorCZ\",\"https:\/\/www.instagram.com\/firewoodprocessorcz\/\",\"https:\/\/www.youtube.com\/channel\/UCevzwEk1HtBMPK_sepS8Yrw\"],\"logo\":{\"@type\":\"ImageObject\",\"@id\":\"https:\/\/firewood-processor.cz\/#logo\",\"inLanguage\":\"sk-SK\",\"url\":\"https:\/\/firewood-processor.cz\/wp-content\/uploads\/2021\/02\/FWP_CZ_zaklad.png\",\"width\":3000,\"height\":718,\"caption\":\"FIREWOOD PROCESSOR CZ\"},\"image\":{\"@id\":\"https:\/\/firewood-processor.cz\/#logo\"}},{\"@type\":\"WebSite\",\"@id\":\"https:\/\/firewood-processor.cz\/#website\",\"url\":\"https:\/\/firewood-processor.cz\/\",\"name\":\"Firewood Processor CZ\",\"description\":\"\",\"publisher\":{\"@id\":\"https:\/\/firewood-processor.cz\/#organization\"},\"potentialAction\":[{\"@type\":\"SearchAction\",\"target\":\"https:\/\/firewood-processor.cz\/?s={search_term_string}\",\"query-input\":\"required name=search_term_string\"}],\"inLanguage\":\"sk-SK\"},{\"@type\":\"ImageObject\",\"@id\":\"https:\/\/firewood-processor.cz\/sk\/kontakt\/#primaryimage\",\"inLanguage\":\"sk-SK\",\"url\":\"https:\/\/firewood-processor.cz\/wp-content\/uploads\/elementor\/thumbs\/cast0-white-p3akg312addfve7gsju677jusmerocnjxwqglkk6aw.png\"},{\"@type\":\"WebPage\",\"@id\":\"https:\/\/firewood-processor.cz\/sk\/kontakt\/#webpage\",\"url\":\"https:\/\/firewood-processor.cz\/sk\/kontakt\/\",\"name\":\"Kontakt | Firewood Processor CZ\",\"isPartOf\":{\"@id\":\"https:\/\/firewood-processor.cz\/#website\"},\"primaryImageOfPage\":{\"@id\":\"https:\/\/firewood-processor.cz\/sk\/kontakt\/#primaryimage\"},\"datePublished\":\"2024-11-29T15:40:33+00:00\",\"dateModified\":\"2024-11-29T15:44:46+00:00\",\"inLanguage\":\"sk-SK\",\"potentialAction\":[{\"@type\":\"ReadAction\",\"target\":[\"https:\/\/firewood-processor.cz\/sk\/kontakt\/\"]}]}]}<\/script>\n<!-- \/ Yoast SEO plugin. -->","_links":{"self":[{"href":"https:\/\/firewood-processor.cz\/sk\/wp-json\/wp\/v2\/pages\/2296"}],"collection":[{"href":"https:\/\/firewood-processor.cz\/sk\/wp-json\/wp\/v2\/pages"}],"about":[{"href":"https:\/\/firewood-processor.cz\/sk\/wp-json\/wp\/v2\/types\/page"}],"author":[{"embeddable":true,"href":"https:\/\/firewood-processor.cz\/sk\/wp-json\/wp\/v2\/users\/1"}],"replies":[{"embeddable":true,"href":"https:\/\/firewood-processor.cz\/sk\/wp-json\/wp\/v2\/comments?post=2296"}],"version-history":[{"count":9,"href":"https:\/\/firewood-processor.cz\/sk\/wp-json\/wp\/v2\/pages\/2296\/revisions"}],"predecessor-version":[{"id":2306,"href":"https:\/\/firewood-processor.cz\/sk\/wp-json\/wp\/v2\/pages\/2296\/revisions\/2306"}],"wp:attachment":[{"href":"https:\/\/firewood-processor.cz\/sk\/wp-json\/wp\/v2\/media?parent=2296"}],"curies":[{"name":"wp","href":"https:\/\/api.w.org\/{rel}","templated":true}]}}